{"id":69,"date":"2015-05-05T13:47:14","date_gmt":"2015-05-05T10:47:14","guid":{"rendered":"http:\/\/www.kayalarcopper.com\/?page_id=69"},"modified":"2015-05-05T13:47:14","modified_gmt":"2015-05-05T10:47:14","slug":"uretim","status":"publish","type":"page","link":"https:\/\/www.kayalarcopper.com\/en\/uretim\/","title":{"rendered":"\u00dcR\u00dcNLER"},"content":{"rendered":"<p>&nbsp;<\/p>\n<p style=\"color: #333333; font-family: Century Gothic; font-style: normal; font-variant: normal; letter-spacing: normal; line-height: 26.6667px; orphans: auto; text-align: start; text-indent: 0px; text-transform: none; white-space: normal; widows: 1; word-spacing: 0px; -webkit-text-stroke-width: 0px;\"><span style=\"font-size: 12pt;\"><br \/>\nTeknik de\u011ferler bazen uluslararas\u0131\u00a0standartlardaki gibi (DIN, ASTM, BS)\u00a0\u00fczerindedir. Standartlardan daha s\u0131k\u0131\u00a0toleranslarla haddelenmi\u015f \u00fcr\u00fcnler m\u00fckemmel\u00a0\u00fcretimler yap\u0131lmas\u0131n\u0131 sa\u011flar.<\/span><\/p>\n<p style=\"color: #333333; font-family: Century Gothic; font-style: normal; font-variant: normal; letter-spacing: normal; line-height: 26.6667px; orphans: auto; text-align: start; text-indent: 0px; text-transform: none; white-space: normal; widows: 1; word-spacing: 0px; -webkit-text-stroke-width: 0px;\"><span style=\"font-size: 12pt;\">En modern hadde tesislerinde dakikada 500 metre\u00a0h\u0131za ula\u015fan +\/-0,0015 mm\u00b4lik\u00a0kal\u0131nl\u0131k tolerans\u0131yla y\u00fcksek h\u0131z ve hassasiyet\u00a0sa\u011flamaktad\u0131r.<\/span><\/p>\n<p style=\"color: #333333; font-family: Century Gothic; font-style: normal; font-variant: normal; letter-spacing: normal; line-height: 26.6667px; orphans: auto; text-align: start; text-indent: 0px; text-transform: none; white-space: normal; widows: 1; word-spacing: 0px; -webkit-text-stroke-width: 0px;\"><span style=\"font-size: 12pt;\">Modern d\u00f6k\u00fcm-s\u0131cak haddeleme ve so\u011fuk haddeleme\u00a0imkanlar\u0131yla ve ayn\u0131 zamanda\u00a0di\u011fer \u00fcreticilere de s\u00fcrekli y\u00fcksek kalite ve\u00a0\u00e7evreye uyumlu teknolojisi ile\u00a0servis sunmaktad\u0131r.<\/span><\/p>\n<p style=\"color: #333333; font-family: Century Gothic; font-style: normal; font-variant: normal; letter-spacing: normal; line-height: 26.6667px; orphans: auto; text-align: start; text-indent: 0px; text-transform: none; white-space: normal; widows: 1; word-spacing: 0px; -webkit-text-stroke-width: 0px;\"><span style=\"font-size: 12pt;\">Kayalar i\u00e7in geli\u015ftirme b\u00f6l\u00fcm\u00fc ayr\u0131 bir \u00f6neme\u00a0sahiptir. Bu ama\u00e7la son\u00a0teknolojileri takip edere b\u00fcnyesinde uygulamaya \u00f6zen\u00a0g\u00f6sterir. Bu, sadece\u00a0end\u00fcstri taraf\u0131ndan pazarlanan bir ihtiyaca uygun, lehva, \u015ferit ve para pulunu\u00a0\u00fcretmek i\u00e7in gereken bir \u015fart de\u011fildir. Ayn\u0131 zamanda bak\u0131r\u00a0ve bak\u0131r ala\u015f\u0131ml\u0131\u00a0\u00fcretimde daha rekabet\u00e7i olmak i\u00e7in gereken uzun vadedeki\u00a0\u00e7al\u0131\u015fmalar\u0131 da\u00a0kapsamaktad\u0131r. Bu \u00e7al\u0131\u015fma sistemi Kayalar\u00b4\u0131n bak\u0131r ve bak\u0131r\u00a0ala\u015f\u0131ml\u0131 \u00fcr\u00fcnlerin\u00a0imalat\u0131nda lider pozisyonunu korumas\u0131n\u0131 sa\u011flamaktad\u0131r.<\/span><\/p>\n","protected":false},"excerpt":{"rendered":"<p>&nbsp; Teknik de\u011ferler bazen uluslararas\u0131\u00a0standartlardaki gibi (DIN, ASTM, BS)\u00a0\u00fczerindedir. Standartlardan daha s\u0131k\u0131\u00a0toleranslarla haddelenmi\u015f \u00fcr\u00fcnler m\u00fckemmel\u00a0\u00fcretimler yap\u0131lmas\u0131n\u0131 sa\u011flar. En modern hadde tesislerinde dakikada 500 metre\u00a0h\u0131za ula\u015fan +\/-0,0015 mm\u00b4lik\u00a0kal\u0131nl\u0131k tolerans\u0131yla y\u00fcksek h\u0131z ve hassasiyet\u00a0sa\u011flamaktad\u0131r. Modern d\u00f6k\u00fcm-s\u0131cak haddeleme ve so\u011fuk haddeleme\u00a0imkanlar\u0131yla ve ayn\u0131 zamanda\u00a0di\u011fer \u00fcreticilere de s\u00fcrekli y\u00fcksek kalite ve\u00a0\u00e7evreye uyumlu teknolojisi ile\u00a0servis sunmaktad\u0131r. Kayalar i\u00e7in geli\u015ftirme b\u00f6l\u00fcm\u00fc [&hellip;]<\/p>\n","protected":false},"author":1,"featured_media":0,"parent":0,"menu_order":5,"comment_status":"open","ping_status":"open","template":"","meta":[],"_links":{"self":[{"href":"https:\/\/www.kayalarcopper.com\/en\/wp-json\/wp\/v2\/pages\/69"}],"collection":[{"href":"https:\/\/www.kayalarcopper.com\/en\/wp-json\/wp\/v2\/pages"}],"about":[{"href":"https:\/\/www.kayalarcopper.com\/en\/wp-json\/wp\/v2\/types\/page"}],"author":[{"embeddable":true,"href":"https:\/\/www.kayalarcopper.com\/en\/wp-json\/wp\/v2\/users\/1"}],"replies":[{"embeddable":true,"href":"https:\/\/www.kayalarcopper.com\/en\/wp-json\/wp\/v2\/comments?post=69"}],"version-history":[{"count":0,"href":"https:\/\/www.kayalarcopper.com\/en\/wp-json\/wp\/v2\/pages\/69\/revisions"}],"wp:attachment":[{"href":"https:\/\/www.kayalarcopper.com\/en\/wp-json\/wp\/v2\/media?parent=69"}],"curies":[{"name":"wp","href":"https:\/\/api.w.org\/{rel}","templated":true}]}}