{"id":489,"date":"2021-09-21T09:00:40","date_gmt":"2021-09-21T09:00:40","guid":{"rendered":"https:\/\/kayalarcopper.com\/?page_id=489"},"modified":"2021-10-11T06:31:42","modified_gmt":"2021-10-11T06:31:42","slug":"firma-bilgileri","status":"publish","type":"page","link":"https:\/\/www.kayalarcopper.com\/en\/kurumsal\/firma-bilgileri\/","title":{"rendered":"F\u0130RMA B\u0130LG\u0130LER\u0130"},"content":{"rendered":"","protected":false},"excerpt":{"rendered":"","protected":false},"author":1,"featured_media":0,"parent":13,"menu_order":0,"comment_status":"closed","ping_status":"closed","template":"firma.php","meta":[],"_links":{"self":[{"href":"https:\/\/www.kayalarcopper.com\/en\/wp-json\/wp\/v2\/pages\/489"}],"collection":[{"href":"https:\/\/www.kayalarcopper.com\/en\/wp-json\/wp\/v2\/pages"}],"about":[{"href":"https:\/\/www.kayalarcopper.com\/en\/wp-json\/wp\/v2\/types\/page"}],"author":[{"embeddable":true,"href":"https:\/\/www.kayalarcopper.com\/en\/wp-json\/wp\/v2\/users\/1"}],"replies":[{"embeddable":true,"href":"https:\/\/www.kayalarcopper.com\/en\/wp-json\/wp\/v2\/comments?post=489"}],"version-history":[{"count":9,"href":"https:\/\/www.kayalarcopper.com\/en\/wp-json\/wp\/v2\/pages\/489\/revisions"}],"predecessor-version":[{"id":547,"href":"https:\/\/www.kayalarcopper.com\/en\/wp-json\/wp\/v2\/pages\/489\/revisions\/547"}],"up":[{"embeddable":true,"href":"https:\/\/www.kayalarcopper.com\/en\/wp-json\/wp\/v2\/pages\/13"}],"wp:attachment":[{"href":"https:\/\/www.kayalarcopper.com\/en\/wp-json\/wp\/v2\/media?parent=489"}],"curies":[{"name":"wp","href":"https:\/\/api.w.org\/{rel}","templated":true}]}}