{"id":25,"date":"2021-06-02T12:31:51","date_gmt":"2021-06-02T12:31:51","guid":{"rendered":"http:\/\/kayalarcopper.com\/?page_id=25"},"modified":"2021-11-07T13:29:41","modified_gmt":"2021-11-07T13:29:41","slug":"iletisim","status":"publish","type":"page","link":"https:\/\/www.kayalarcopper.com\/en\/iletisim\/","title":{"rendered":"CONTACT US"},"content":{"rendered":"<p><strong>\u00c7ORLU FABR\u0130KA:<\/strong><br \/>\nAdres : Velime\u015fe OSB Mh. Temel Kaya Cad. No:1\/1\u00a0 Ergene \/ TEK\u0130RDA\u011e (Kroki)<br \/>\nTel\u00a0\u00a0\u00a0\u00a0\u00a0 : +90 282 674 47 47 (pbx)<br \/>\nFaks\u00a0\u00a0 : +90 282 674 47 51<br \/>\nBilgi\u00a0\u00a0\u00a0 : info@kayalarcopper.com<br \/>\nSat\u0131\u015f\u00a0 \u00a0:\u00a0 satis@kayalarcopper.com<\/p>\n<p><strong>KO\u00c7KAYA HOLD\u0130NG (MERKEZ):<\/strong><br \/>\nAdres\u00a0\u00a0 :\u00a0Ko\u00e7kaya As Plaza Eski B\u00fcy\u00fckdere Cad. No:1 K:19 \u00a0Maslak\/Sar\u0131yer\/\u0130STANBUL<br \/>\nTel\u00a0\u00a0\u00a0\u00a0\u00a0\u00a0\u00a0 : +90 212 286 50 50 (pbx)<br \/>\nFaks\u00a0\u00a0\u00a0\u00a0 : +90 212 276 15 16<br \/>\nWeb\u00a0\u00a0\u00a0 :\u00a0 www.kockaya.com.tr<br \/>\nSat\u0131\u015f\u00a0 \u00a0: satis@kayalarcopper.com<\/p>\n","protected":false},"excerpt":{"rendered":"<p>\u00c7ORLU FABR\u0130KA: Adres : Velime\u015fe OSB Mh. Temel Kaya Cad. No:1\/1\u00a0 Ergene \/ TEK\u0130RDA\u011e (Kroki) Tel\u00a0\u00a0\u00a0\u00a0\u00a0 : +90 282 674 47 47 (pbx) Faks\u00a0\u00a0 : +90 282 674 47 51 Bilgi\u00a0\u00a0\u00a0 : info@kayalarcopper.com Sat\u0131\u015f\u00a0 \u00a0:\u00a0 satis@kayalarcopper.com KO\u00c7KAYA HOLD\u0130NG (MERKEZ): Adres\u00a0\u00a0 :\u00a0Ko\u00e7kaya As Plaza Eski B\u00fcy\u00fckdere Cad. No:1 K:19 \u00a0Maslak\/Sar\u0131yer\/\u0130STANBUL Tel\u00a0\u00a0\u00a0\u00a0\u00a0\u00a0\u00a0 : +90 212 286 50 [&hellip;]<\/p>\n","protected":false},"author":1,"featured_media":0,"parent":0,"menu_order":0,"comment_status":"closed","ping_status":"closed","template":"iletisim.php","meta":[],"_links":{"self":[{"href":"https:\/\/www.kayalarcopper.com\/en\/wp-json\/wp\/v2\/pages\/25"}],"collection":[{"href":"https:\/\/www.kayalarcopper.com\/en\/wp-json\/wp\/v2\/pages"}],"about":[{"href":"https:\/\/www.kayalarcopper.com\/en\/wp-json\/wp\/v2\/types\/page"}],"author":[{"embeddable":true,"href":"https:\/\/www.kayalarcopper.com\/en\/wp-json\/wp\/v2\/users\/1"}],"replies":[{"embeddable":true,"href":"https:\/\/www.kayalarcopper.com\/en\/wp-json\/wp\/v2\/comments?post=25"}],"version-history":[{"count":8,"href":"https:\/\/www.kayalarcopper.com\/en\/wp-json\/wp\/v2\/pages\/25\/revisions"}],"predecessor-version":[{"id":590,"href":"https:\/\/www.kayalarcopper.com\/en\/wp-json\/wp\/v2\/pages\/25\/revisions\/590"}],"wp:attachment":[{"href":"https:\/\/www.kayalarcopper.com\/en\/wp-json\/wp\/v2\/media?parent=25"}],"curies":[{"name":"wp","href":"https:\/\/api.w.org\/{rel}","templated":true}]}}