{"id":131,"date":"2015-09-03T11:29:25","date_gmt":"2015-09-03T08:29:25","guid":{"rendered":"http:\/\/www.kayalarcopper.com\/?page_id=131"},"modified":"2021-10-07T08:53:30","modified_gmt":"2021-10-07T08:53:30","slug":"insan-kaynaklari","status":"publish","type":"page","link":"https:\/\/www.kayalarcopper.com\/en\/kurumsal\/insan-kaynaklari\/","title":{"rendered":"\u0130NSAN KAYNAKLARI"},"content":{"rendered":"<div class=\"jumbotron\">\n<p>G\u00fcncel a\u00e7\u0131k pozisyonlar i\u00e7in Kariyer.net sayfam\u0131z\u0131 takip edebilirsiniz<\/p>\n<p><a href=\"https:\/\/www.kariyer.net\/firma-profil\/kayalar-bakir-alasimlari-san-ve-tic-a-s-3835-28718\" target=\"_blank\" rel=\"noopener\"><img loading=\"lazy\" class=\"alignnone size-full wp-image-482\" src=\"http:\/\/kayalarcopper.com\/wp-content\/uploads\/2021\/09\/kariyernet_new_logo.png\" alt=\"\" width=\"300\" height=\"63\" \/><\/a><\/p>\n<\/div>\n<p>Mevcut \u00f6zge\u00e7mi\u015f dosyan\u0131z\u0131 bize ula\u015ft\u0131rmak i\u00e7in i\u015f ba\u015fvuru formumuzu kullanabilirsiniz.<\/p>\n<div role=\"form\" class=\"wpcf7\" id=\"wpcf7-f10-o1\" lang=\"tr-TR\" dir=\"ltr\">\n<div class=\"screen-reader-response\"><p role=\"status\" aria-live=\"polite\" aria-atomic=\"true\"><\/p> <ul><\/ul><\/div>\n<form action=\"\/en\/wp-json\/wp\/v2\/pages\/131#wpcf7-f10-o1\" method=\"post\" class=\"wpcf7-form init wpcf7-acceptance-as-validation\" enctype=\"multipart\/form-data\" novalidate=\"novalidate\" data-status=\"init\">\n<div style=\"display: none;\">\n<input type=\"hidden\" name=\"_wpcf7\" value=\"10\" \/>\n<input type=\"hidden\" name=\"_wpcf7_version\" value=\"5.5.6.1\" \/>\n<input type=\"hidden\" name=\"_wpcf7_locale\" value=\"tr_TR\" \/>\n<input type=\"hidden\" name=\"_wpcf7_unit_tag\" value=\"wpcf7-f10-o1\" \/>\n<input type=\"hidden\" name=\"_wpcf7_container_post\" value=\"0\" \/>\n<input type=\"hidden\" name=\"_wpcf7_posted_data_hash\" value=\"\" \/>\n<\/div>\n<p>Ad\u0131n\u0131z (gerekli)<br \/>\n    <span class=\"wpcf7-form-control-wrap your-name\"><input type=\"text\" name=\"your-name\" value=\"\" size=\"40\" class=\"wpcf7-form-control wpcf7-text wpcf7-validates-as-required\" aria-required=\"true\" aria-invalid=\"false\" \/><\/span> <\/p>\n<p>Epostan\u0131z (gerekli)<br \/>\n    <span class=\"wpcf7-form-control-wrap your-email\"><input type=\"email\" name=\"your-email\" value=\"\" size=\"40\" class=\"wpcf7-form-control wpcf7-text wpcf7-email wpcf7-validates-as-required wpcf7-validates-as-email\" aria-required=\"true\" aria-invalid=\"false\" \/><\/span> <\/p>\n<p>Telefon<br \/>\n    <span class=\"wpcf7-form-control-wrap telefon\"><input type=\"text\" name=\"telefon\" value=\"\" size=\"40\" class=\"wpcf7-form-control wpcf7-text\" aria-invalid=\"false\" \/><\/span> <\/p>\n<p>Konu<br \/>\n    <span class=\"wpcf7-form-control-wrap your-subject\"><input type=\"text\" name=\"your-subject\" value=\"\" size=\"40\" class=\"wpcf7-form-control wpcf7-text\" aria-invalid=\"false\" \/><\/span> <\/p>\n<p>Mevcut \u00d6zge\u00e7mi\u015finiz<br\/><br \/>\n<span class=\"wpcf7-form-control-wrap file-176\"><input type=\"file\" name=\"file-176\" size=\"40\" class=\"wpcf7-form-control wpcf7-file wpcf7-validates-as-required\" accept=\".pdf,.jpg,.docx,.doc\" aria-required=\"true\" aria-invalid=\"false\" \/><\/span><\/p>\n<p>\u0130letiniz<br \/>\n    <span class=\"wpcf7-form-control-wrap your-message\"><textarea name=\"your-message\" cols=\"40\" rows=\"10\" class=\"wpcf7-form-control wpcf7-textarea\" aria-invalid=\"false\"><\/textarea><\/span> <\/p>\n<p><span class=\"wpcf7-form-control-wrap accept-this-1\"><span class=\"wpcf7-form-control wpcf7-acceptance\"><span class=\"wpcf7-list-item\"><input type=\"checkbox\" name=\"accept-this-1\" value=\"1\" aria-invalid=\"false\" \/><\/span><\/span><\/span> <a target=\"_blank\" href=\"http:\/\/www.kayalarcopper.com\/ikBasvuruFormuAydinlatmaMetni.pdf\"> Ayd\u0131nlatma Metni\u2019ni okudum<\/a> <\/p>\n<p><input type=\"submit\" value=\"G\u00f6nder\" class=\"wpcf7-form-control has-spinner wpcf7-submit gonder\" \/><\/p>\n<div class=\"wpcf7-response-output\" aria-hidden=\"true\"><\/div><\/form><\/div>\n<p>&nbsp;<\/p>\n<p>Mevcut \u00f6zge\u00e7mi\u015f dosyan\u0131z\u0131 bize ula\u015ft\u0131rmak i\u00e7in i\u015f ba\u015fvuru formumuzu kullanabilirsiniz.<\/p>\n<p>Bize iletmi\u015f oldu\u011funuz bilgilerde \u00f6zel nitelikli ki\u015fisel verilerin (\u0131rk, etnik k\u00f6ken, siyasi d\u00fc\u015f\u00fcnce, felsefi inan\u00e7, din, mezhep veya di\u011fer inan\u00e7lar, k\u0131l\u0131k ve k\u0131yafet, dernek, vak\u0131f ya da sendika \u00fcyeli\u011fi, sa\u011fl\u0131k, ceza mahk\u00fbmiyeti ve g\u00fcvenlik tedbirleriyle ilgili veriler, biyometrik ve genetik veriler) yer almad\u0131\u011f\u0131ndan emin olman\u0131z\u0131 rica ederiz.<\/p>\n<p>&nbsp;<\/p>\n<p>Ki\u015fisel Verilerin \u0130\u015flenmesi Politikas\u0131 i\u00e7in\u00a0<a href=\"http:\/\/www.kayalarcopper.com\/ikBasvuruFormuAydinlatmaMetni.pdf\" target=\"_blank\" rel=\"noopener\"><span style=\"color: #000080;\">t\u0131klay\u0131n.<\/span><\/a><\/p>\n","protected":false},"excerpt":{"rendered":"<p>G\u00fcncel a\u00e7\u0131k pozisyonlar i\u00e7in Kariyer.net sayfam\u0131z\u0131 takip edebilirsiniz Mevcut \u00f6zge\u00e7mi\u015f dosyan\u0131z\u0131 bize ula\u015ft\u0131rmak i\u00e7in i\u015f ba\u015fvuru formumuzu kullanabilirsiniz. &nbsp; Mevcut \u00f6zge\u00e7mi\u015f dosyan\u0131z\u0131 bize ula\u015ft\u0131rmak i\u00e7in i\u015f ba\u015fvuru formumuzu kullanabilirsiniz. Bize iletmi\u015f oldu\u011funuz bilgilerde \u00f6zel nitelikli ki\u015fisel verilerin (\u0131rk, etnik k\u00f6ken, siyasi d\u00fc\u015f\u00fcnce, felsefi inan\u00e7, din, mezhep veya di\u011fer inan\u00e7lar, k\u0131l\u0131k ve k\u0131yafet, dernek, vak\u0131f ya [&hellip;]<\/p>\n","protected":false},"author":1,"featured_media":0,"parent":13,"menu_order":9,"comment_status":"open","ping_status":"open","template":"","meta":[],"_links":{"self":[{"href":"https:\/\/www.kayalarcopper.com\/en\/wp-json\/wp\/v2\/pages\/131"}],"collection":[{"href":"https:\/\/www.kayalarcopper.com\/en\/wp-json\/wp\/v2\/pages"}],"about":[{"href":"https:\/\/www.kayalarcopper.com\/en\/wp-json\/wp\/v2\/types\/page"}],"author":[{"embeddable":true,"href":"https:\/\/www.kayalarcopper.com\/en\/wp-json\/wp\/v2\/users\/1"}],"replies":[{"embeddable":true,"href":"https:\/\/www.kayalarcopper.com\/en\/wp-json\/wp\/v2\/comments?post=131"}],"version-history":[{"count":5,"href":"https:\/\/www.kayalarcopper.com\/en\/wp-json\/wp\/v2\/pages\/131\/revisions"}],"predecessor-version":[{"id":510,"href":"https:\/\/www.kayalarcopper.com\/en\/wp-json\/wp\/v2\/pages\/131\/revisions\/510"}],"up":[{"embeddable":true,"href":"https:\/\/www.kayalarcopper.com\/en\/wp-json\/wp\/v2\/pages\/13"}],"wp:attachment":[{"href":"https:\/\/www.kayalarcopper.com\/en\/wp-json\/wp\/v2\/media?parent=131"}],"curies":[{"name":"wp","href":"https:\/\/api.w.org\/{rel}","templated":true}]}}