{"id":116,"date":"2015-09-02T11:14:54","date_gmt":"2015-09-02T08:14:54","guid":{"rendered":"http:\/\/www.kayalarcopper.com\/?page_id=116"},"modified":"2021-10-11T07:12:43","modified_gmt":"2021-10-11T07:12:43","slug":"fiyat-listesi","status":"publish","type":"page","link":"https:\/\/www.kayalarcopper.com\/en\/fiyat-listesi\/","title":{"rendered":"F\u0130YAT L\u0130STES\u0130"},"content":{"rendered":"<p>G\u00fcncel fiyatlar i\u00e7in a\u015fa\u011f\u0131daki ileti\u015fim bilgilerinden bize ula\u015fabilirsiniz.<\/p>\n<p>E-mail : <a href=\"mailto:satis@kayalarcopper.com\">satis@kayalarcopper.com<\/a><br \/>\nTel\u00a0 \u00a0 \u00a0 \u00a0: 0(282) 674 4747<br \/>\nFax\u00a0 \u00a0 \u00a0 : 0(282) 674 4751<br \/>\nAdres\u00a0 : Velime\u015fe O.S.B Mah. Temel Kaya Cad. No:1\/1 Ergene \/ Tekirda\u011f<\/p>\n<p>&nbsp;<\/p>\n","protected":false},"excerpt":{"rendered":"<p>G\u00fcncel fiyatlar i\u00e7in a\u015fa\u011f\u0131daki ileti\u015fim bilgilerinden bize ula\u015fabilirsiniz. E-mail : satis@kayalarcopper.com Tel\u00a0 \u00a0 \u00a0 \u00a0: 0(282) 674 4747 Fax\u00a0 \u00a0 \u00a0 : 0(282) 674 4751 Adres\u00a0 : Velime\u015fe O.S.B Mah. Temel Kaya Cad. No:1\/1 Ergene \/ Tekirda\u011f &nbsp;<\/p>\n","protected":false},"author":1,"featured_media":0,"parent":0,"menu_order":6,"comment_status":"open","ping_status":"open","template":"","meta":[],"_links":{"self":[{"href":"https:\/\/www.kayalarcopper.com\/en\/wp-json\/wp\/v2\/pages\/116"}],"collection":[{"href":"https:\/\/www.kayalarcopper.com\/en\/wp-json\/wp\/v2\/pages"}],"about":[{"href":"https:\/\/www.kayalarcopper.com\/en\/wp-json\/wp\/v2\/types\/page"}],"author":[{"embeddable":true,"href":"https:\/\/www.kayalarcopper.com\/en\/wp-json\/wp\/v2\/users\/1"}],"replies":[{"embeddable":true,"href":"https:\/\/www.kayalarcopper.com\/en\/wp-json\/wp\/v2\/comments?post=116"}],"version-history":[{"count":7,"href":"https:\/\/www.kayalarcopper.com\/en\/wp-json\/wp\/v2\/pages\/116\/revisions"}],"predecessor-version":[{"id":551,"href":"https:\/\/www.kayalarcopper.com\/en\/wp-json\/wp\/v2\/pages\/116\/revisions\/551"}],"wp:attachment":[{"href":"https:\/\/www.kayalarcopper.com\/en\/wp-json\/wp\/v2\/media?parent=116"}],"curies":[{"name":"wp","href":"https:\/\/api.w.org\/{rel}","templated":true}]}}